{"id":43,"date":"2023-04-28T18:30:44","date_gmt":"2023-04-28T18:30:44","guid":{"rendered":"https:\/\/mapasllc.com\/welcome\/?page_id=43"},"modified":"2025-01-17T13:25:15","modified_gmt":"2025-01-17T13:25:15","slug":"references","status":"publish","type":"page","link":"https:\/\/mapasllc.com\/welcome\/references\/","title":{"rendered":"References"},"content":{"rendered":"\n<p>Dear customer,<\/p>\n\n\n\n<p>Thank you for your interest in our products and services. We understand that, as a potential customer, you may be curious about our track record and the experiences of our existing customers. However, we regret to inform you that we do not have any customer references on our website.<\/p>\n\n\n\n<p>This is because one of our principles is based on maintaining our clients\u2019 confidentiality and their competitive advantage. We believe that our clients\u2019 privacy and intellectual property are critical to their success, and we honor that by not disclosing their information without their consent.<\/p>\n\n\n\n<p>While we recognize that client references can be valuable in the decision-making process, we can offer other ways to demonstrate the quality and value of our services.<\/p>\n\n\n\n<p>If you have any additional questions or concerns, please feel free to contact us (mapasdewardley@gmail.com). We are always happy to answer any questions you may have without any obligation.<\/p>\n\n\n\n<p>Thank you for considering our services.<\/p>\n\n\n\n<p>Yours sincerely,<\/p>\n\n\n\n<p>Joaqu\u00edn<\/p>\n\n\n\n<h2 class=\"wp-block-heading\">Anonymized success cases<\/h2>\n\n\n\n<p>Below you can find some of our success cases we have worked:<\/p>\n\n\n\n<ul class=\"wp-block-list\">\n<li><a href=\"https:\/\/mapasllc.com\/welcome\/2023\/04\/28\/go-to-market-guidance\/\" target=\"_blank\" rel=\"noreferrer noopener\">Go to Market strategy for a software company<\/a>.<\/li>\n\n\n\n<li><a href=\"https:\/\/mapasllc.com\/welcome\/2023\/04\/28\/guidance-to-a-manufacturing-operations-lead\/\" target=\"_blank\" rel=\"noreferrer noopener\">Guidance to a Manufacturing Operations Lead<\/a>.<\/li>\n\n\n\n<li><a href=\"https:\/\/mapasllc.com\/welcome\/2023\/04\/28\/guidance-to-a-small-company-ceo\/\" target=\"_blank\" rel=\"noreferrer noopener\">Guidance to a Small company CEO<\/a>.<\/li>\n\n\n\n<li><a href=\"https:\/\/mapasllc.com\/welcome\/2023\/04\/28\/guidance-to-finance-director\/\" target=\"_blank\" rel=\"noreferrer noopener\">Guidance to Finance director<\/a>.<\/li>\n\n\n\n<li><a rel=\"noreferrer noopener\" href=\"https:\/\/mapasllc.com\/welcome\/2023\/04\/28\/it-support-evolution-from-standard-to-luxury-support\/\" target=\"_blank\">IT support evolution from standard to luxury support<\/a>.<\/li>\n<\/ul>\n\n\n\n<h2 class=\"wp-block-heading\">Some public sessions<\/h2>\n\n\n\n<p>Below you can find some events where I participated:<\/p>\n\n\n\n<ul class=\"wp-block-list\">\n<li><strong>Wardley Maps for Business<\/strong>\u00a0(May\/2023) Opening Event (<a href=\"https:\/\/www.youtube.com\/watch?v=w1RRMI8BJDs\" target=\"_blank\" rel=\"noreferrer noopener\">Recorded session<\/a>), key note with Simon Wardley and David Anderson; moderated by Joaqu\u00edn.<\/li>\n\n\n\n<li><strong>Wardley Maps and OKRs, how to combine them and get advantage of it<\/strong>, Gerard Chiva and Joaqu\u00edn (<a href=\"https:\/\/youtu.be\/2qW2-5a8hH4?si=E_Jz1k1KG-EwOQUK\" target=\"_blank\" rel=\"noreferrer noopener\">recorded session<\/a>).<\/li>\n\n\n\n<li><strong>Meetup\u00a0CPS Spain &#8211; Joaqu\u00edn Pe\u00f1a: &#8220;Introducci\u00f3n a los Mapas de Wardley&#8221;<\/strong> (<a href=\"https:\/\/www.youtube.com\/watch?v=owPnhMl78_0\" target=\"_blank\" rel=\"noreferrer noopener\">recorded session<\/a>, in Spanish).<\/li>\n<\/ul>\n\n\n\n<p><\/p>\n","protected":false},"excerpt":{"rendered":"<p>Dear customer, Thank you for your interest in our products and services. We understand that, as a potential customer, you may be curious about our track record and the experiences of our existing customers. However, we regret to inform you that we do not have any customer references on our website. This is because one &#8230; <a title=\"References\" class=\"read-more\" href=\"https:\/\/mapasllc.com\/welcome\/references\/\" aria-label=\"Read more about References\">Read more<\/a><\/p>\n","protected":false},"author":1,"featured_media":0,"parent":0,"menu_order":0,"comment_status":"closed","ping_status":"closed","template":"","meta":{"footnotes":""},"class_list":["post-43","page","type-page","status-publish"],"_links":{"self":[{"href":"https:\/\/mapasllc.com\/welcome\/wp-json\/wp\/v2\/pages\/43","targetHints":{"allow":["GET"]}}],"collection":[{"href":"https:\/\/mapasllc.com\/welcome\/wp-json\/wp\/v2\/pages"}],"about":[{"href":"https:\/\/mapasllc.com\/welcome\/wp-json\/wp\/v2\/types\/page"}],"author":[{"embeddable":true,"href":"https:\/\/mapasllc.com\/welcome\/wp-json\/wp\/v2\/users\/1"}],"replies":[{"embeddable":true,"href":"https:\/\/mapasllc.com\/welcome\/wp-json\/wp\/v2\/comments?post=43"}],"version-history":[{"count":6,"href":"https:\/\/mapasllc.com\/welcome\/wp-json\/wp\/v2\/pages\/43\/revisions"}],"predecessor-version":[{"id":330,"href":"https:\/\/mapasllc.com\/welcome\/wp-json\/wp\/v2\/pages\/43\/revisions\/330"}],"wp:attachment":[{"href":"https:\/\/mapasllc.com\/welcome\/wp-json\/wp\/v2\/media?parent=43"}],"curies":[{"name":"wp","href":"https:\/\/api.w.org\/{rel}","templated":true}]}}